{"id":20,"date":"2018-12-30T02:37:30","date_gmt":"2018-12-30T01:37:30","guid":{"rendered":"http:\/\/capelthinv.cluster027.hosting.ovh.net\/?page_id=20"},"modified":"2019-02-18T00:04:40","modified_gmt":"2019-02-17T23:04:40","slug":"a-propos","status":"publish","type":"page","link":"https:\/\/capelthierry.com\/?page_id=20","title":{"rendered":"A PROPOS"},"content":{"rendered":"<p><em><span style=\"font-size: 14pt; font-family: georgia, palatino, serif;\"><span style=\"font-family: georgia, palatino, serif;\"><span style=\"font-size: 14pt;\">Je suis un photographe autodidacte depuis plus de 2012, qui recherche en permanence des clich\u00e9 de mariage, <\/span><span style=\"font-size: 18.6667px;\">anniversaire et bien autre \u00e9v\u00e9nement \u00e0\u00a0<span style=\"font-family: georgia, palatino, serif;\"><span style=\"font-size: 14pt;\">immortalis\u00e9<\/span><\/span>\u00a0<\/span><span style=\"font-size: 14pt;\">.<\/span><\/span><\/span><\/em><\/p>\n<p><em><span style=\"font-size: 14pt; font-family: georgia, palatino, serif;\">Je suis un grand passionn\u00e9 de photographie, de paysage nature et de portait permettant ext\u00e9rioris\u00e9 la beaut\u00e9 qui se cache en chacun de nous.<\/span><\/em><\/p>\n<p><img data-recalc-dims=\"1\" decoding=\"async\" data-attachment-id=\"134\" data-permalink=\"https:\/\/capelthierry.com\/?attachment_id=134\" data-orig-file=\"https:\/\/i0.wp.com\/capelthierry.com\/wp-content\/uploads\/2018\/12\/reflex-camera_318-1663.jpg?fit=626%2C626&amp;ssl=1\" data-orig-size=\"626,626\" data-comments-opened=\"1\" data-image-meta=\"{&quot;aperture&quot;:&quot;0&quot;,&quot;credit&quot;:&quot;&quot;,&quot;camera&quot;:&quot;&quot;,&quot;caption&quot;:&quot;&quot;,&quot;created_timestamp&quot;:&quot;0&quot;,&quot;copyright&quot;:&quot;&quot;,&quot;focal_length&quot;:&quot;0&quot;,&quot;iso&quot;:&quot;0&quot;,&quot;shutter_speed&quot;:&quot;0&quot;,&quot;title&quot;:&quot;&quot;,&quot;orientation&quot;:&quot;0&quot;}\" data-image-title=\"reflex-camera_318-1663\" data-image-description=\"\" data-image-caption=\"\" data-medium-file=\"https:\/\/i0.wp.com\/capelthierry.com\/wp-content\/uploads\/2018\/12\/reflex-camera_318-1663.jpg?fit=300%2C300&amp;ssl=1\" data-large-file=\"https:\/\/i0.wp.com\/capelthierry.com\/wp-content\/uploads\/2018\/12\/reflex-camera_318-1663.jpg?fit=440%2C440&amp;ssl=1\" class=\"alignnone size-medium wp-image-134\" src=\"https:\/\/i0.wp.com\/capelthierry.com\/wp-content\/uploads\/2018\/12\/reflex-camera_318-1663-300x300.jpg?resize=300%2C300\" alt=\"\" width=\"300\" height=\"300\" srcset=\"https:\/\/i0.wp.com\/capelthierry.com\/wp-content\/uploads\/2018\/12\/reflex-camera_318-1663.jpg?resize=300%2C300&amp;ssl=1 300w, https:\/\/i0.wp.com\/capelthierry.com\/wp-content\/uploads\/2018\/12\/reflex-camera_318-1663.jpg?resize=150%2C150&amp;ssl=1 150w, https:\/\/i0.wp.com\/capelthierry.com\/wp-content\/uploads\/2018\/12\/reflex-camera_318-1663.jpg?w=626&amp;ssl=1 626w\" sizes=\"(max-width: 300px) 100vw, 300px\" \/><\/p>\n","protected":false},"excerpt":{"rendered":"<p>Je suis un photographe autodidacte depuis plus de 2012, qui recherche en permanence des clich\u00e9 de mariage, anniversaire et bien autre \u00e9v\u00e9nement \u00e0\u00a0immortalis\u00e9\u00a0. Je suis un grand passionn\u00e9 de photographie, de paysage nature et de portait permettant ext\u00e9rioris\u00e9 la beaut\u00e9 qui se cache en chacun de nous.<\/p>\n","protected":false},"author":1,"featured_media":0,"parent":0,"menu_order":0,"comment_status":"closed","ping_status":"closed","template":"","meta":{"jetpack_post_was_ever_published":false,"_vp_format_video_url":"","_vp_image_focal_point":[],"footnotes":""},"class_list":["post-20","page","type-page","status-publish","hentry"],"jetpack_sharing_enabled":true,"jetpack_shortlink":"https:\/\/wp.me\/Pazthj-k","jetpack-related-posts":[],"_links":{"self":[{"href":"https:\/\/capelthierry.com\/index.php?rest_route=\/wp\/v2\/pages\/20","targetHints":{"allow":["GET"]}}],"collection":[{"href":"https:\/\/capelthierry.com\/index.php?rest_route=\/wp\/v2\/pages"}],"about":[{"href":"https:\/\/capelthierry.com\/index.php?rest_route=\/wp\/v2\/types\/page"}],"author":[{"embeddable":true,"href":"https:\/\/capelthierry.com\/index.php?rest_route=\/wp\/v2\/users\/1"}],"replies":[{"embeddable":true,"href":"https:\/\/capelthierry.com\/index.php?rest_route=%2Fwp%2Fv2%2Fcomments&post=20"}],"version-history":[{"count":9,"href":"https:\/\/capelthierry.com\/index.php?rest_route=\/wp\/v2\/pages\/20\/revisions"}],"predecessor-version":[{"id":281,"href":"https:\/\/capelthierry.com\/index.php?rest_route=\/wp\/v2\/pages\/20\/revisions\/281"}],"wp:attachment":[{"href":"https:\/\/capelthierry.com\/index.php?rest_route=%2Fwp%2Fv2%2Fmedia&parent=20"}],"curies":[{"name":"wp","href":"https:\/\/api.w.org\/{rel}","templated":true}]}}